{"id":2705,"date":"2026-01-07T16:14:00","date_gmt":"2026-01-07T14:14:00","guid":{"rendered":"https:\/\/booking.explore.brussels\/?page_id=2705"},"modified":"2026-01-08T09:59:33","modified_gmt":"2026-01-08T07:59:33","slug":"legal-information","status":"publish","type":"page","link":"https:\/\/booking.explore.brussels\/en\/mentions-legales\/","title":{"rendered":"Legal information"},"content":{"rendered":"<div data-elementor-type=\"wp-page\" data-elementor-id=\"2705\" class=\"elementor elementor-2705\" data-elementor-post-type=\"page\">\n\t\t\t\t<div class=\"elementor-element elementor-element-a19bdc4 e-flex e-con-boxed e-con e-parent\" data-id=\"a19bdc4\" data-element_type=\"container\" data-e-type=\"container\">\n\t\t\t\t\t<div class=\"e-con-inner\">\n\t\t\t\t<div class=\"elementor-element elementor-element-50c0ac1 elementor-widget elementor-widget-spacer\" data-id=\"50c0ac1\" data-element_type=\"widget\" data-e-type=\"widget\" data-widget_type=\"spacer.default\">\n\t\t\t\t\t\t\t<div class=\"elementor-spacer\">\n\t\t\t<div class=\"elementor-spacer-inner\"><\/div>\n\t\t<\/div>\n\t\t\t\t\t\t<\/div>\n\t\t\t\t\t<\/div>\n\t\t\t\t<\/div>\n\t\t<div class=\"elementor-element elementor-element-a35c39f e-flex e-con-boxed e-con e-parent\" data-id=\"a35c39f\" data-element_type=\"container\" data-e-type=\"container\">\n\t\t\t\t\t<div class=\"e-con-inner\">\n\t\t\t\t<div class=\"elementor-element elementor-element-a27f06c elementor-widget elementor-widget-text-editor\" data-id=\"a27f06c\" data-element_type=\"widget\" data-e-type=\"widget\" data-widget_type=\"text-editor.default\">\n\t\t\t\t\t\t\t\t\t<h5>1. Responsible editor<\/h5><p>Explore.Brussels ASBL<br \/>Alice Graas - Administrative and Financial Director<br \/>Rue des Li\u00e9geois 53\u00a0<br \/>1050 Brussels<br \/>Tel.: +32 2 319 50 01<br \/>Mail : <a href=\"mailto:info@explore.brussels\">info@explore.brussels<\/a><br \/>Company number: 0640.883.552<br \/>Bank: BE73 0689 0808 8260 - GKCCBEBB<br \/>RPM Brussels<\/p>\t\t\t\t\t\t\t\t<\/div>\n\t\t\t\t<div class=\"elementor-element elementor-element-18881f4 elementor-widget elementor-widget-spacer\" data-id=\"18881f4\" data-element_type=\"widget\" data-e-type=\"widget\" data-widget_type=\"spacer.default\">\n\t\t\t\t\t\t\t<div class=\"elementor-spacer\">\n\t\t\t<div class=\"elementor-spacer-inner\"><\/div>\n\t\t<\/div>\n\t\t\t\t\t\t<\/div>\n\t\t\t\t\t<\/div>\n\t\t\t\t<\/div>\n\t\t<div class=\"elementor-element elementor-element-4cd3e49 e-flex e-con-boxed e-con e-parent\" data-id=\"4cd3e49\" data-element_type=\"container\" data-e-type=\"container\">\n\t\t\t\t\t<div class=\"e-con-inner\">\n\t\t\t\t<div class=\"elementor-element elementor-element-09101f2 elementor-widget elementor-widget-text-editor\" data-id=\"09101f2\" data-element_type=\"widget\" data-e-type=\"widget\" data-widget_type=\"text-editor.default\">\n\t\t\t\t\t\t\t\t\t<h5>2. Web design credits<\/h5><div class=\"ebd-block\" data-type=\"text\"><p>The website was created by <a href=\"https:\/\/www.butterflypixel.com\" target=\"_blank\" rel=\"noopener\">Butterfly Pixel S\u00e0rl<\/a><\/p><p><a class=\"\" title=\"\" href=\"mailto:hello@butterflypixel.com\">hello@butterflypixel.com<\/a><br \/><a title=\"\" href=\"tel:+32471415020\">+32 471 41 50 20<\/a><\/p><\/div>\t\t\t\t\t\t\t\t<\/div>\n\t\t\t\t<div class=\"elementor-element elementor-element-5ce69a3 elementor-widget elementor-widget-spacer\" data-id=\"5ce69a3\" data-element_type=\"widget\" data-e-type=\"widget\" data-widget_type=\"spacer.default\">\n\t\t\t\t\t\t\t<div class=\"elementor-spacer\">\n\t\t\t<div class=\"elementor-spacer-inner\"><\/div>\n\t\t<\/div>\n\t\t\t\t\t\t<\/div>\n\t\t\t\t\t<\/div>\n\t\t\t\t<\/div>\n\t\t<div class=\"elementor-element elementor-element-53a2659 e-flex e-con-boxed e-con e-parent\" data-id=\"53a2659\" data-element_type=\"container\" data-e-type=\"container\">\n\t\t\t\t\t<div class=\"e-con-inner\">\n\t\t\t\t<div class=\"elementor-element elementor-element-94f31dc elementor-widget elementor-widget-text-editor\" data-id=\"94f31dc\" data-element_type=\"widget\" data-e-type=\"widget\" data-widget_type=\"text-editor.default\">\n\t\t\t\t\t\t\t\t\t<h5>3. Photo credits<\/h5><p>All photographs on this site are protected by copyright.<br \/>These photographs are not free of rights. Any use requires prior authorisation from Explore.Brussels.<\/p>\t\t\t\t\t\t\t\t<\/div>\n\t\t\t\t<div class=\"elementor-element elementor-element-44b5850 elementor-widget elementor-widget-spacer\" data-id=\"44b5850\" data-element_type=\"widget\" data-e-type=\"widget\" data-widget_type=\"spacer.default\">\n\t\t\t\t\t\t\t<div class=\"elementor-spacer\">\n\t\t\t<div class=\"elementor-spacer-inner\"><\/div>\n\t\t<\/div>\n\t\t\t\t\t\t<\/div>\n\t\t\t\t\t<\/div>\n\t\t\t\t<\/div>\n\t\t<div class=\"elementor-element elementor-element-04766bf e-flex e-con-boxed e-con e-parent\" data-id=\"04766bf\" data-element_type=\"container\" data-e-type=\"container\">\n\t\t\t\t\t<div class=\"e-con-inner\">\n\t\t\t\t<div class=\"elementor-element elementor-element-442e52c elementor-widget elementor-widget-text-editor\" data-id=\"442e52c\" data-element_type=\"widget\" data-e-type=\"widget\" data-widget_type=\"text-editor.default\">\n\t\t\t\t\t\t\t\t\t<h5>4. Video credits<\/h5><div class=\"ebd-block\" data-type=\"text\"><p>S\u00e9bastien Alouf<br \/>Film maker\/Art director\/Painter\/Fanzines Publisher<\/p><p><a href=\"mailto:sebastien.alouf@yahoo.fr\">sebastien.alouf@yahoo.fr<\/a><br \/><a class=\"\" title=\"\" href=\"tel:+32475567778\">+32 475 56 77 78<\/a><\/p><\/div>\t\t\t\t\t\t\t\t<\/div>\n\t\t\t\t<div class=\"elementor-element elementor-element-61cc324 elementor-widget elementor-widget-spacer\" data-id=\"61cc324\" data-element_type=\"widget\" data-e-type=\"widget\" data-widget_type=\"spacer.default\">\n\t\t\t\t\t\t\t<div class=\"elementor-spacer\">\n\t\t\t<div class=\"elementor-spacer-inner\"><\/div>\n\t\t<\/div>\n\t\t\t\t\t\t<\/div>\n\t\t\t\t\t<\/div>\n\t\t\t\t<\/div>\n\t\t<div class=\"elementor-element elementor-element-62adb41 e-flex e-con-boxed e-con e-parent\" data-id=\"62adb41\" data-element_type=\"container\" data-e-type=\"container\">\n\t\t\t\t\t<div class=\"e-con-inner\">\n\t\t\t\t<div class=\"elementor-element elementor-element-7d544ce elementor-widget elementor-widget-text-editor\" data-id=\"7d544ce\" data-element_type=\"widget\" data-e-type=\"widget\" data-widget_type=\"text-editor.default\">\n\t\t\t\t\t\t\t\t\t<h5>5. Content and tools<\/h5><div class=\"ebd-block\" data-type=\"text\"><p>We offer no guarantee as to the reliability or operation of this site. In no event shall we be liable for any damages whatsoever, including without limitation, direct, indirect, incidental or consequential damages, lost profits or business interruption, arising out of the use of or inability to use this site.<\/p><p>Please read the following provisions carefully. By visiting this website, you acknowledge that you have read these provisions and that you understand and accept them.\u00a0<\/p><\/div><div class=\"ebd-block\" data-type=\"text\">\u00a0<\/div>\t\t\t\t\t\t\t\t<\/div>\n\t\t\t\t<div class=\"elementor-element elementor-element-817db73 elementor-widget elementor-widget-spacer\" data-id=\"817db73\" data-element_type=\"widget\" data-e-type=\"widget\" data-widget_type=\"spacer.default\">\n\t\t\t\t\t\t\t<div class=\"elementor-spacer\">\n\t\t\t<div class=\"elementor-spacer-inner\"><\/div>\n\t\t<\/div>\n\t\t\t\t\t\t<\/div>\n\t\t\t\t\t<\/div>\n\t\t\t\t<\/div>\n\t\t<div class=\"elementor-element elementor-element-ff6f163 e-flex e-con-boxed e-con e-parent\" data-id=\"ff6f163\" data-element_type=\"container\" data-e-type=\"container\">\n\t\t\t\t\t<div class=\"e-con-inner\">\n\t\t\t\t<div class=\"elementor-element elementor-element-05ab172 elementor-widget elementor-widget-text-editor\" data-id=\"05ab172\" data-element_type=\"widget\" data-e-type=\"widget\" data-widget_type=\"text-editor.default\">\n\t\t\t\t\t\t\t\t\t<h5>6. Liability<\/h5><div class=\"ebd-block\" data-type=\"text\"><p>Explore.Brussels and the bodies that provide the information displayed on this site:<\/p><ul><li>gives no guarantee as to the accuracy, completeness or timeliness of the information that may be consulted on this system or exchanged via this site; ;<\/li><li>accepts no responsibility for the content of the pages of the site, including, but not limited to, any implied warranty of merchantability or fitness for a particular purpose, or for any decisions or actions taken or undertaken by any user in reliance on information contained in these pages; ;<\/li><li>disclaims all warranties or liability, express or implied, relating to the use of the site ;<\/li><li>are in no way responsible:<\/li><\/ul><p>- links to other websites; ;<\/p><p>- the content of other websites from which the user may have been linked to the Explore.Brussels website; ;<\/p><p>- the consequences of actions inspired by the content of other websites.<\/p><\/div>\t\t\t\t\t\t\t\t<\/div>\n\t\t\t\t<div class=\"elementor-element elementor-element-ddc1ae4 elementor-widget elementor-widget-spacer\" data-id=\"ddc1ae4\" data-element_type=\"widget\" data-e-type=\"widget\" data-widget_type=\"spacer.default\">\n\t\t\t\t\t\t\t<div class=\"elementor-spacer\">\n\t\t\t<div class=\"elementor-spacer-inner\"><\/div>\n\t\t<\/div>\n\t\t\t\t\t\t<\/div>\n\t\t\t\t\t<\/div>\n\t\t\t\t<\/div>\n\t\t<div class=\"elementor-element elementor-element-b41002f e-flex e-con-boxed e-con e-parent\" data-id=\"b41002f\" data-element_type=\"container\" data-e-type=\"container\">\n\t\t\t\t\t<div class=\"e-con-inner\">\n\t\t\t\t<div class=\"elementor-element elementor-element-4c3969c elementor-widget elementor-widget-text-editor\" data-id=\"4c3969c\" data-element_type=\"widget\" data-e-type=\"widget\" data-widget_type=\"text-editor.default\">\n\t\t\t\t\t\t\t\t\t<h5>7. Complaints<\/h5><div>Users who consult the information contained in these pages waive the right to lodge any complaint whatsoever concerning the use made of the information made available via the site.<\/div>\t\t\t\t\t\t\t\t<\/div>\n\t\t\t\t<div class=\"elementor-element elementor-element-a6436eb elementor-widget elementor-widget-spacer\" data-id=\"a6436eb\" data-element_type=\"widget\" data-e-type=\"widget\" data-widget_type=\"spacer.default\">\n\t\t\t\t\t\t\t<div class=\"elementor-spacer\">\n\t\t\t<div class=\"elementor-spacer-inner\"><\/div>\n\t\t<\/div>\n\t\t\t\t\t\t<\/div>\n\t\t\t\t\t<\/div>\n\t\t\t\t<\/div>\n\t\t<div class=\"elementor-element elementor-element-28fb46a e-flex e-con-boxed e-con e-parent\" data-id=\"28fb46a\" data-element_type=\"container\" data-e-type=\"container\">\n\t\t\t\t\t<div class=\"e-con-inner\">\n\t\t\t\t<div class=\"elementor-element elementor-element-fe839a0 elementor-widget elementor-widget-text-editor\" data-id=\"fe839a0\" data-element_type=\"widget\" data-e-type=\"widget\" data-widget_type=\"text-editor.default\">\n\t\t\t\t\t\t\t\t\t<h5>8. Risks<\/h5><p>The user who consults the information contained in these pages also undertakes to assume all risks inherent in the use of the site, including the risk that computers, software or data may be damaged by any virus that may have been transmitted or activated via the site or by the fact that the user has consulted the site.<\/p>\t\t\t\t\t\t\t\t<\/div>\n\t\t\t\t<div class=\"elementor-element elementor-element-62ef5b6 elementor-widget elementor-widget-spacer\" data-id=\"62ef5b6\" data-element_type=\"widget\" data-e-type=\"widget\" data-widget_type=\"spacer.default\">\n\t\t\t\t\t\t\t<div class=\"elementor-spacer\">\n\t\t\t<div class=\"elementor-spacer-inner\"><\/div>\n\t\t<\/div>\n\t\t\t\t\t\t<\/div>\n\t\t\t\t\t<\/div>\n\t\t\t\t<\/div>\n\t\t<div class=\"elementor-element elementor-element-b586e5e e-flex e-con-boxed e-con e-parent\" data-id=\"b586e5e\" data-element_type=\"container\" data-e-type=\"container\">\n\t\t\t\t\t<div class=\"e-con-inner\">\n\t\t\t\t<div class=\"elementor-element elementor-element-72e19ba elementor-widget elementor-widget-text-editor\" data-id=\"72e19ba\" data-element_type=\"widget\" data-e-type=\"widget\" data-widget_type=\"text-editor.default\">\n\t\t\t\t\t\t\t\t\t<h5>9. Commercial aspects<\/h5><p>Explore.Brussels does not aim, either directly or indirectly and in any legal capacity, to advertise or link to commercial sites via the pages of the site.<\/p>\t\t\t\t\t\t\t\t<\/div>\n\t\t\t\t<div class=\"elementor-element elementor-element-cbf6901 elementor-widget elementor-widget-spacer\" data-id=\"cbf6901\" data-element_type=\"widget\" data-e-type=\"widget\" data-widget_type=\"spacer.default\">\n\t\t\t\t\t\t\t<div class=\"elementor-spacer\">\n\t\t\t<div class=\"elementor-spacer-inner\"><\/div>\n\t\t<\/div>\n\t\t\t\t\t\t<\/div>\n\t\t\t\t\t<\/div>\n\t\t\t\t<\/div>\n\t\t<div class=\"elementor-element elementor-element-695645e e-flex e-con-boxed e-con e-parent\" data-id=\"695645e\" data-element_type=\"container\" data-e-type=\"container\">\n\t\t\t\t\t<div class=\"e-con-inner\">\n\t\t\t\t<div class=\"elementor-element elementor-element-cb7ab68 elementor-widget elementor-widget-text-editor\" data-id=\"cb7ab68\" data-element_type=\"widget\" data-e-type=\"widget\" data-widget_type=\"text-editor.default\">\n\t\t\t\t\t\t\t\t\t<h5>10. Settlement of disputes<\/h5><p>Any dispute concerning this website and\/or its content is subject to the rules of Belgian law and falls within the exclusive jurisdiction of the Brussels courts.<\/p>\t\t\t\t\t\t\t\t<\/div>\n\t\t\t\t<div class=\"elementor-element elementor-element-28fac11 elementor-widget elementor-widget-spacer\" data-id=\"28fac11\" data-element_type=\"widget\" data-e-type=\"widget\" data-widget_type=\"spacer.default\">\n\t\t\t\t\t\t\t<div class=\"elementor-spacer\">\n\t\t\t<div class=\"elementor-spacer-inner\"><\/div>\n\t\t<\/div>\n\t\t\t\t\t\t<\/div>\n\t\t\t\t\t<\/div>\n\t\t\t\t<\/div>\n\t\t<div class=\"elementor-element elementor-element-ce537d5 e-flex e-con-boxed e-con e-parent\" data-id=\"ce537d5\" data-element_type=\"container\" data-e-type=\"container\">\n\t\t\t\t\t<div class=\"e-con-inner\">\n\t\t\t\t<div class=\"elementor-element elementor-element-fe56651 elementor-widget elementor-widget-text-editor\" data-id=\"fe56651\" data-element_type=\"widget\" data-e-type=\"widget\" data-widget_type=\"text-editor.default\">\n\t\t\t\t\t\t\t\t\t<h5>11. Possible contradictions<\/h5><p>All pages on this website are subject to the foregoing provisions. These provisions supplement the provisions governing access to the Explore.Brussels website. In the event of any contradiction between the foregoing provisions and those set out on the Explore.Brussels website, the provisions set out on the Explore.Brussels website shall take precedence for the matters governed here.<\/p>\t\t\t\t\t\t\t\t<\/div>\n\t\t\t\t<div class=\"elementor-element elementor-element-20fda02 elementor-widget elementor-widget-spacer\" data-id=\"20fda02\" data-element_type=\"widget\" data-e-type=\"widget\" data-widget_type=\"spacer.default\">\n\t\t\t\t\t\t\t<div class=\"elementor-spacer\">\n\t\t\t<div class=\"elementor-spacer-inner\"><\/div>\n\t\t<\/div>\n\t\t\t\t\t\t<\/div>\n\t\t\t\t\t<\/div>\n\t\t\t\t<\/div>\n\t\t<div class=\"elementor-element elementor-element-20015b7 e-flex e-con-boxed e-con e-parent\" data-id=\"20015b7\" data-element_type=\"container\" data-e-type=\"container\">\n\t\t\t\t\t<div class=\"e-con-inner\">\n\t\t\t\t<div class=\"elementor-element elementor-element-69cb6ff elementor-widget elementor-widget-spacer\" data-id=\"69cb6ff\" data-element_type=\"widget\" data-e-type=\"widget\" data-widget_type=\"spacer.default\">\n\t\t\t\t\t\t\t<div class=\"elementor-spacer\">\n\t\t\t<div class=\"elementor-spacer-inner\"><\/div>\n\t\t<\/div>\n\t\t\t\t\t\t<\/div>\n\t\t\t\t\t<\/div>\n\t\t\t\t<\/div>\n\t\t\t\t<\/div>","protected":false},"excerpt":{"rendered":"<p>1. Editeur responsable Explore.Brussels ASBLAlice Graas &#8211; Directrice administrative et financi\u00e8reRue des Li\u00e9geois 53\u00a01050 BruxellesT\u00e9l.: +32 2 319 50 01Mail : info@explore.brusselsN\u00b0 d&rsquo;entreprise : 0640.883.552Banque : BE73 0689 0808 8260 \u2013 GKCCBEBBRPM Bruxelles 2. Cr\u00e9dits conception web Le site internet a \u00e9t\u00e9 r\u00e9alis\u00e9 par la soci\u00e9t\u00e9 Butterfly Pixel S\u00e0rl hello@butterflypixel.com+32 471 41 50 20 3. [&hellip;]<\/p>\n","protected":false},"author":2,"featured_media":0,"parent":0,"menu_order":0,"comment_status":"closed","ping_status":"closed","template":"elementor_header_footer","meta":{"_analytify_skip_tracking":false,"footnotes":""},"class_list":["post-2705","page","type-page","status-publish","hentry"],"blocksy_meta":[],"_links":{"self":[{"href":"https:\/\/booking.explore.brussels\/en\/wp-json\/wp\/v2\/pages\/2705","targetHints":{"allow":["GET"]}}],"collection":[{"href":"https:\/\/booking.explore.brussels\/en\/wp-json\/wp\/v2\/pages"}],"about":[{"href":"https:\/\/booking.explore.brussels\/en\/wp-json\/wp\/v2\/types\/page"}],"author":[{"embeddable":true,"href":"https:\/\/booking.explore.brussels\/en\/wp-json\/wp\/v2\/users\/2"}],"replies":[{"embeddable":true,"href":"https:\/\/booking.explore.brussels\/en\/wp-json\/wp\/v2\/comments?post=2705"}],"version-history":[{"count":7,"href":"https:\/\/booking.explore.brussels\/en\/wp-json\/wp\/v2\/pages\/2705\/revisions"}],"predecessor-version":[{"id":2924,"href":"https:\/\/booking.explore.brussels\/en\/wp-json\/wp\/v2\/pages\/2705\/revisions\/2924"}],"wp:attachment":[{"href":"https:\/\/booking.explore.brussels\/en\/wp-json\/wp\/v2\/media?parent=2705"}],"curies":[{"name":"wp","href":"https:\/\/api.w.org\/{rel}","templated":true}]}}