{"id":2705,"date":"2026-01-07T16:14:00","date_gmt":"2026-01-07T14:14:00","guid":{"rendered":"https:\/\/booking.explore.brussels\/?page_id=2705"},"modified":"2026-01-08T09:59:33","modified_gmt":"2026-01-08T07:59:33","slug":"juridische-informatie","status":"publish","type":"page","link":"https:\/\/booking.explore.brussels\/nl\/mentions-legales\/","title":{"rendered":"Juridische informatie"},"content":{"rendered":"<div data-elementor-type=\"wp-page\" data-elementor-id=\"2705\" class=\"elementor elementor-2705\" data-elementor-post-type=\"page\">\n\t\t\t\t<div class=\"elementor-element elementor-element-a19bdc4 e-flex e-con-boxed e-con e-parent\" data-id=\"a19bdc4\" data-element_type=\"container\" data-e-type=\"container\">\n\t\t\t\t\t<div class=\"e-con-inner\">\n\t\t\t\t<div class=\"elementor-element elementor-element-50c0ac1 elementor-widget elementor-widget-spacer\" data-id=\"50c0ac1\" data-element_type=\"widget\" data-e-type=\"widget\" data-widget_type=\"spacer.default\">\n\t\t\t\t\t\t\t<div class=\"elementor-spacer\">\n\t\t\t<div class=\"elementor-spacer-inner\"><\/div>\n\t\t<\/div>\n\t\t\t\t\t\t<\/div>\n\t\t\t\t\t<\/div>\n\t\t\t\t<\/div>\n\t\t<div class=\"elementor-element elementor-element-a35c39f e-flex e-con-boxed e-con e-parent\" data-id=\"a35c39f\" data-element_type=\"container\" data-e-type=\"container\">\n\t\t\t\t\t<div class=\"e-con-inner\">\n\t\t\t\t<div class=\"elementor-element elementor-element-a27f06c elementor-widget elementor-widget-text-editor\" data-id=\"a27f06c\" data-element_type=\"widget\" data-e-type=\"widget\" data-widget_type=\"text-editor.default\">\n\t\t\t\t\t\t\t\t\t<h5>1. Verantwoordelijke redacteur<\/h5><p>Verkennen.Brussel VZW<br \/>Alice Graas - Administratief en financieel directeur<br \/>Rue des Li\u00e9geois 53\u00a0<br \/>1050 Brussel<br \/>Tel.: +32 2 319 50 01<br \/>Mail : <a href=\"mailto:info@explore.brussels\">info@explore.brussels<\/a><br \/>Bedrijfsnummer: 0640.883.552<br \/>Bank: BE73 0689 0808 8260 - GKCCBEBB<br \/>RPM Brussel<\/p>\t\t\t\t\t\t\t\t<\/div>\n\t\t\t\t<div class=\"elementor-element elementor-element-18881f4 elementor-widget elementor-widget-spacer\" data-id=\"18881f4\" data-element_type=\"widget\" data-e-type=\"widget\" data-widget_type=\"spacer.default\">\n\t\t\t\t\t\t\t<div class=\"elementor-spacer\">\n\t\t\t<div class=\"elementor-spacer-inner\"><\/div>\n\t\t<\/div>\n\t\t\t\t\t\t<\/div>\n\t\t\t\t\t<\/div>\n\t\t\t\t<\/div>\n\t\t<div class=\"elementor-element elementor-element-4cd3e49 e-flex e-con-boxed e-con e-parent\" data-id=\"4cd3e49\" data-element_type=\"container\" data-e-type=\"container\">\n\t\t\t\t\t<div class=\"e-con-inner\">\n\t\t\t\t<div class=\"elementor-element elementor-element-09101f2 elementor-widget elementor-widget-text-editor\" data-id=\"09101f2\" data-element_type=\"widget\" data-e-type=\"widget\" data-widget_type=\"text-editor.default\">\n\t\t\t\t\t\t\t\t\t<h5>2. Credits voor webdesign<\/h5><div class=\"ebd-block\" data-type=\"text\"><p>De website is gemaakt door <a href=\"https:\/\/www.butterflypixel.com\" target=\"_blank\" rel=\"noopener\">Vlinder Pixel S\u00e0rl<\/a><\/p><p><a class=\"\" title=\"\" href=\"mailto:hello@butterflypixel.com\">hello@butterflypixel.com<\/a><br \/><a title=\"\" href=\"tel:+32471415020\">+32 471 41 50 20<\/a><\/p><\/div>\t\t\t\t\t\t\t\t<\/div>\n\t\t\t\t<div class=\"elementor-element elementor-element-5ce69a3 elementor-widget elementor-widget-spacer\" data-id=\"5ce69a3\" data-element_type=\"widget\" data-e-type=\"widget\" data-widget_type=\"spacer.default\">\n\t\t\t\t\t\t\t<div class=\"elementor-spacer\">\n\t\t\t<div class=\"elementor-spacer-inner\"><\/div>\n\t\t<\/div>\n\t\t\t\t\t\t<\/div>\n\t\t\t\t\t<\/div>\n\t\t\t\t<\/div>\n\t\t<div class=\"elementor-element elementor-element-53a2659 e-flex e-con-boxed e-con e-parent\" data-id=\"53a2659\" data-element_type=\"container\" data-e-type=\"container\">\n\t\t\t\t\t<div class=\"e-con-inner\">\n\t\t\t\t<div class=\"elementor-element elementor-element-94f31dc elementor-widget elementor-widget-text-editor\" data-id=\"94f31dc\" data-element_type=\"widget\" data-e-type=\"widget\" data-widget_type=\"text-editor.default\">\n\t\t\t\t\t\t\t\t\t<h5>3. Fotocredits<\/h5><p>Alle foto's op deze site zijn auteursrechtelijk beschermd.<br \/>Deze foto's zijn niet vrij van rechten. Elk gebruik vereist voorafgaande toestemming van Explore.Brussels.<\/p>\t\t\t\t\t\t\t\t<\/div>\n\t\t\t\t<div class=\"elementor-element elementor-element-44b5850 elementor-widget elementor-widget-spacer\" data-id=\"44b5850\" data-element_type=\"widget\" data-e-type=\"widget\" data-widget_type=\"spacer.default\">\n\t\t\t\t\t\t\t<div class=\"elementor-spacer\">\n\t\t\t<div class=\"elementor-spacer-inner\"><\/div>\n\t\t<\/div>\n\t\t\t\t\t\t<\/div>\n\t\t\t\t\t<\/div>\n\t\t\t\t<\/div>\n\t\t<div class=\"elementor-element elementor-element-04766bf e-flex e-con-boxed e-con e-parent\" data-id=\"04766bf\" data-element_type=\"container\" data-e-type=\"container\">\n\t\t\t\t\t<div class=\"e-con-inner\">\n\t\t\t\t<div class=\"elementor-element elementor-element-442e52c elementor-widget elementor-widget-text-editor\" data-id=\"442e52c\" data-element_type=\"widget\" data-e-type=\"widget\" data-widget_type=\"text-editor.default\">\n\t\t\t\t\t\t\t\t\t<h5>4. Videocredits<\/h5><div class=\"ebd-block\" data-type=\"text\"><p>S\u00e9bastien Alouf<br \/>Filmmaker\/Kunstregisseur\/Schilder\/Fanzines Uitgever<\/p><p><a href=\"mailto:sebastien.alouf@yahoo.fr\">sebastien.alouf@yahoo.fr<\/a><br \/><a class=\"\" title=\"\" href=\"tel:+32475567778\">+32 475 56 77 78<\/a><\/p><\/div>\t\t\t\t\t\t\t\t<\/div>\n\t\t\t\t<div class=\"elementor-element elementor-element-61cc324 elementor-widget elementor-widget-spacer\" data-id=\"61cc324\" data-element_type=\"widget\" data-e-type=\"widget\" data-widget_type=\"spacer.default\">\n\t\t\t\t\t\t\t<div class=\"elementor-spacer\">\n\t\t\t<div class=\"elementor-spacer-inner\"><\/div>\n\t\t<\/div>\n\t\t\t\t\t\t<\/div>\n\t\t\t\t\t<\/div>\n\t\t\t\t<\/div>\n\t\t<div class=\"elementor-element elementor-element-62adb41 e-flex e-con-boxed e-con e-parent\" data-id=\"62adb41\" data-element_type=\"container\" data-e-type=\"container\">\n\t\t\t\t\t<div class=\"e-con-inner\">\n\t\t\t\t<div class=\"elementor-element elementor-element-7d544ce elementor-widget elementor-widget-text-editor\" data-id=\"7d544ce\" data-element_type=\"widget\" data-e-type=\"widget\" data-widget_type=\"text-editor.default\">\n\t\t\t\t\t\t\t\t\t<h5>5. Inhoud en hulpmiddelen<\/h5><div class=\"ebd-block\" data-type=\"text\"><p>Wij bieden geen garantie voor de betrouwbaarheid of de werking van deze site. In geen geval zijn wij aansprakelijk voor welke schade dan ook, inclusief maar niet beperkt tot directe, indirecte, incidentele of gevolgschade, winstderving of bedrijfsonderbreking, voortvloeiend uit het gebruik van of het onvermogen tot gebruik van deze site.<\/p><p>Lees de volgende bepalingen zorgvuldig door. Door deze website te bezoeken, erkent u dat u deze bepalingen hebt gelezen en dat u ze begrijpt en aanvaardt.\u00a0<\/p><\/div><div class=\"ebd-block\" data-type=\"text\">\u00a0<\/div>\t\t\t\t\t\t\t\t<\/div>\n\t\t\t\t<div class=\"elementor-element elementor-element-817db73 elementor-widget elementor-widget-spacer\" data-id=\"817db73\" data-element_type=\"widget\" data-e-type=\"widget\" data-widget_type=\"spacer.default\">\n\t\t\t\t\t\t\t<div class=\"elementor-spacer\">\n\t\t\t<div class=\"elementor-spacer-inner\"><\/div>\n\t\t<\/div>\n\t\t\t\t\t\t<\/div>\n\t\t\t\t\t<\/div>\n\t\t\t\t<\/div>\n\t\t<div class=\"elementor-element elementor-element-ff6f163 e-flex e-con-boxed e-con e-parent\" data-id=\"ff6f163\" data-element_type=\"container\" data-e-type=\"container\">\n\t\t\t\t\t<div class=\"e-con-inner\">\n\t\t\t\t<div class=\"elementor-element elementor-element-05ab172 elementor-widget elementor-widget-text-editor\" data-id=\"05ab172\" data-element_type=\"widget\" data-e-type=\"widget\" data-widget_type=\"text-editor.default\">\n\t\t\t\t\t\t\t\t\t<h5>6. Aansprakelijkheid<\/h5><div class=\"ebd-block\" data-type=\"text\"><p>Explore.Brussels en de instanties die de informatie verstrekken die op deze site wordt weergegeven:<\/p><ul><li>garandeert niet de nauwkeurigheid, volledigheid of tijdigheid van de informatie die kan worden geraadpleegd op dit systeem of uitgewisseld via deze site; ;<\/li><li>aanvaardt geen verantwoordelijkheid voor de inhoud van de pagina's van de site, met inbegrip van maar niet beperkt tot enige impliciete garantie van verkoopbaarheid of geschiktheid voor een bepaald doel, of voor enige beslissingen of acties die worden genomen of ondernomen door een gebruiker die vertrouwt op informatie op deze pagina's; ;<\/li><li>wijst alle garanties of aansprakelijkheid af, expliciet of impliciet, met betrekking tot het gebruik van de site ;<\/li><li>zijn op geen enkele manier verantwoordelijk:<\/li><\/ul><p>- links naar andere websites; ;<\/p><p>- de inhoud van andere websites vanwaar de gebruiker mogelijk doorgelinkt is naar de website van Explore.Brussels; ;<\/p><p>- de gevolgen van acties die zijn ge\u00efnspireerd door de inhoud van andere websites.<\/p><\/div>\t\t\t\t\t\t\t\t<\/div>\n\t\t\t\t<div class=\"elementor-element elementor-element-ddc1ae4 elementor-widget elementor-widget-spacer\" data-id=\"ddc1ae4\" data-element_type=\"widget\" data-e-type=\"widget\" data-widget_type=\"spacer.default\">\n\t\t\t\t\t\t\t<div class=\"elementor-spacer\">\n\t\t\t<div class=\"elementor-spacer-inner\"><\/div>\n\t\t<\/div>\n\t\t\t\t\t\t<\/div>\n\t\t\t\t\t<\/div>\n\t\t\t\t<\/div>\n\t\t<div class=\"elementor-element elementor-element-b41002f e-flex e-con-boxed e-con e-parent\" data-id=\"b41002f\" data-element_type=\"container\" data-e-type=\"container\">\n\t\t\t\t\t<div class=\"e-con-inner\">\n\t\t\t\t<div class=\"elementor-element elementor-element-4c3969c elementor-widget elementor-widget-text-editor\" data-id=\"4c3969c\" data-element_type=\"widget\" data-e-type=\"widget\" data-widget_type=\"text-editor.default\">\n\t\t\t\t\t\t\t\t\t<h5>7. Klachten<\/h5><div>Gebruikers die de informatie op deze pagina's raadplegen, zien af van het indienen van welke klacht dan ook over het gebruik van de informatie die via de site beschikbaar wordt gesteld.<\/div>\t\t\t\t\t\t\t\t<\/div>\n\t\t\t\t<div class=\"elementor-element elementor-element-a6436eb elementor-widget elementor-widget-spacer\" data-id=\"a6436eb\" data-element_type=\"widget\" data-e-type=\"widget\" data-widget_type=\"spacer.default\">\n\t\t\t\t\t\t\t<div class=\"elementor-spacer\">\n\t\t\t<div class=\"elementor-spacer-inner\"><\/div>\n\t\t<\/div>\n\t\t\t\t\t\t<\/div>\n\t\t\t\t\t<\/div>\n\t\t\t\t<\/div>\n\t\t<div class=\"elementor-element elementor-element-28fb46a e-flex e-con-boxed e-con e-parent\" data-id=\"28fb46a\" data-element_type=\"container\" data-e-type=\"container\">\n\t\t\t\t\t<div class=\"e-con-inner\">\n\t\t\t\t<div class=\"elementor-element elementor-element-fe839a0 elementor-widget elementor-widget-text-editor\" data-id=\"fe839a0\" data-element_type=\"widget\" data-e-type=\"widget\" data-widget_type=\"text-editor.default\">\n\t\t\t\t\t\t\t\t\t<h5>8. Risico's<\/h5><p>De gebruiker die de informatie op deze pagina's raadpleegt, aanvaardt eveneens alle risico's die inherent zijn aan het gebruik van de site, met inbegrip van het risico dat computers, software of gegevens worden beschadigd door een virus dat via de site kan zijn overgedragen of geactiveerd of door het feit dat de gebruiker de site heeft geraadpleegd.<\/p>\t\t\t\t\t\t\t\t<\/div>\n\t\t\t\t<div class=\"elementor-element elementor-element-62ef5b6 elementor-widget elementor-widget-spacer\" data-id=\"62ef5b6\" data-element_type=\"widget\" data-e-type=\"widget\" data-widget_type=\"spacer.default\">\n\t\t\t\t\t\t\t<div class=\"elementor-spacer\">\n\t\t\t<div class=\"elementor-spacer-inner\"><\/div>\n\t\t<\/div>\n\t\t\t\t\t\t<\/div>\n\t\t\t\t\t<\/div>\n\t\t\t\t<\/div>\n\t\t<div class=\"elementor-element elementor-element-b586e5e e-flex e-con-boxed e-con e-parent\" data-id=\"b586e5e\" data-element_type=\"container\" data-e-type=\"container\">\n\t\t\t\t\t<div class=\"e-con-inner\">\n\t\t\t\t<div class=\"elementor-element elementor-element-72e19ba elementor-widget elementor-widget-text-editor\" data-id=\"72e19ba\" data-element_type=\"widget\" data-e-type=\"widget\" data-widget_type=\"text-editor.default\">\n\t\t\t\t\t\t\t\t\t<h5>9. Commerci\u00eble aspecten<\/h5><p>Explore.Brussels heeft niet de bedoeling om, rechtstreeks of onrechtstreeks en in welke juridische hoedanigheid dan ook, reclame te maken voor of links te leggen naar commerci\u00eble sites via de pagina's van de site.<\/p>\t\t\t\t\t\t\t\t<\/div>\n\t\t\t\t<div class=\"elementor-element elementor-element-cbf6901 elementor-widget elementor-widget-spacer\" data-id=\"cbf6901\" data-element_type=\"widget\" data-e-type=\"widget\" data-widget_type=\"spacer.default\">\n\t\t\t\t\t\t\t<div class=\"elementor-spacer\">\n\t\t\t<div class=\"elementor-spacer-inner\"><\/div>\n\t\t<\/div>\n\t\t\t\t\t\t<\/div>\n\t\t\t\t\t<\/div>\n\t\t\t\t<\/div>\n\t\t<div class=\"elementor-element elementor-element-695645e e-flex e-con-boxed e-con e-parent\" data-id=\"695645e\" data-element_type=\"container\" data-e-type=\"container\">\n\t\t\t\t\t<div class=\"e-con-inner\">\n\t\t\t\t<div class=\"elementor-element elementor-element-cb7ab68 elementor-widget elementor-widget-text-editor\" data-id=\"cb7ab68\" data-element_type=\"widget\" data-e-type=\"widget\" data-widget_type=\"text-editor.default\">\n\t\t\t\t\t\t\t\t\t<h5>10. Beslechting van geschillen<\/h5><p>Elk geschil met betrekking tot deze website en\/of de inhoud ervan is onderworpen aan de regels van het Belgisch recht en valt onder de exclusieve bevoegdheid van de Brusselse rechtbanken.<\/p>\t\t\t\t\t\t\t\t<\/div>\n\t\t\t\t<div class=\"elementor-element elementor-element-28fac11 elementor-widget elementor-widget-spacer\" data-id=\"28fac11\" data-element_type=\"widget\" data-e-type=\"widget\" data-widget_type=\"spacer.default\">\n\t\t\t\t\t\t\t<div class=\"elementor-spacer\">\n\t\t\t<div class=\"elementor-spacer-inner\"><\/div>\n\t\t<\/div>\n\t\t\t\t\t\t<\/div>\n\t\t\t\t\t<\/div>\n\t\t\t\t<\/div>\n\t\t<div class=\"elementor-element elementor-element-ce537d5 e-flex e-con-boxed e-con e-parent\" data-id=\"ce537d5\" data-element_type=\"container\" data-e-type=\"container\">\n\t\t\t\t\t<div class=\"e-con-inner\">\n\t\t\t\t<div class=\"elementor-element elementor-element-fe56651 elementor-widget elementor-widget-text-editor\" data-id=\"fe56651\" data-element_type=\"widget\" data-e-type=\"widget\" data-widget_type=\"text-editor.default\">\n\t\t\t\t\t\t\t\t\t<h5>11. Mogelijke tegenstrijdigheden<\/h5><p>Alle pagina's op deze website zijn onderworpen aan de voorgaande bepalingen. Deze bepalingen zijn een aanvulling op de bepalingen die de toegang tot de website van Explore.Brussels regelen. In geval van tegenstrijdigheid tussen de voorgaande bepalingen en de bepalingen op de website van Explore.Brussels, hebben de bepalingen op de website van Explore.Brussels voorrang voor de hier geregelde aangelegenheden.<\/p>\t\t\t\t\t\t\t\t<\/div>\n\t\t\t\t<div class=\"elementor-element elementor-element-20fda02 elementor-widget elementor-widget-spacer\" data-id=\"20fda02\" data-element_type=\"widget\" data-e-type=\"widget\" data-widget_type=\"spacer.default\">\n\t\t\t\t\t\t\t<div class=\"elementor-spacer\">\n\t\t\t<div class=\"elementor-spacer-inner\"><\/div>\n\t\t<\/div>\n\t\t\t\t\t\t<\/div>\n\t\t\t\t\t<\/div>\n\t\t\t\t<\/div>\n\t\t<div class=\"elementor-element elementor-element-20015b7 e-flex e-con-boxed e-con e-parent\" data-id=\"20015b7\" data-element_type=\"container\" data-e-type=\"container\">\n\t\t\t\t\t<div class=\"e-con-inner\">\n\t\t\t\t<div class=\"elementor-element elementor-element-69cb6ff elementor-widget elementor-widget-spacer\" data-id=\"69cb6ff\" data-element_type=\"widget\" data-e-type=\"widget\" data-widget_type=\"spacer.default\">\n\t\t\t\t\t\t\t<div class=\"elementor-spacer\">\n\t\t\t<div class=\"elementor-spacer-inner\"><\/div>\n\t\t<\/div>\n\t\t\t\t\t\t<\/div>\n\t\t\t\t\t<\/div>\n\t\t\t\t<\/div>\n\t\t\t\t<\/div>","protected":false},"excerpt":{"rendered":"<p>1. Editeur responsable Explore.Brussels ASBLAlice Graas &#8211; Directrice administrative et financi\u00e8reRue des Li\u00e9geois 53\u00a01050 BruxellesT\u00e9l.: +32 2 319 50 01Mail : info@explore.brusselsN\u00b0 d&rsquo;entreprise : 0640.883.552Banque : BE73 0689 0808 8260 \u2013 GKCCBEBBRPM Bruxelles 2. Cr\u00e9dits conception web Le site internet a \u00e9t\u00e9 r\u00e9alis\u00e9 par la soci\u00e9t\u00e9 Butterfly Pixel S\u00e0rl hello@butterflypixel.com+32 471 41 50 20 3. [&hellip;]<\/p>\n","protected":false},"author":2,"featured_media":0,"parent":0,"menu_order":0,"comment_status":"closed","ping_status":"closed","template":"elementor_header_footer","meta":{"_analytify_skip_tracking":false,"footnotes":""},"class_list":["post-2705","page","type-page","status-publish","hentry"],"blocksy_meta":[],"_links":{"self":[{"href":"https:\/\/booking.explore.brussels\/nl\/wp-json\/wp\/v2\/pages\/2705","targetHints":{"allow":["GET"]}}],"collection":[{"href":"https:\/\/booking.explore.brussels\/nl\/wp-json\/wp\/v2\/pages"}],"about":[{"href":"https:\/\/booking.explore.brussels\/nl\/wp-json\/wp\/v2\/types\/page"}],"author":[{"embeddable":true,"href":"https:\/\/booking.explore.brussels\/nl\/wp-json\/wp\/v2\/users\/2"}],"replies":[{"embeddable":true,"href":"https:\/\/booking.explore.brussels\/nl\/wp-json\/wp\/v2\/comments?post=2705"}],"version-history":[{"count":7,"href":"https:\/\/booking.explore.brussels\/nl\/wp-json\/wp\/v2\/pages\/2705\/revisions"}],"predecessor-version":[{"id":2924,"href":"https:\/\/booking.explore.brussels\/nl\/wp-json\/wp\/v2\/pages\/2705\/revisions\/2924"}],"wp:attachment":[{"href":"https:\/\/booking.explore.brussels\/nl\/wp-json\/wp\/v2\/media?parent=2705"}],"curies":[{"name":"wp","href":"https:\/\/api.w.org\/{rel}","templated":true}]}}