{"id":2710,"date":"2026-01-07T16:17:03","date_gmt":"2026-01-07T14:17:03","guid":{"rendered":"https:\/\/booking.explore.brussels\/?page_id=2710"},"modified":"2026-01-07T16:18:02","modified_gmt":"2026-01-07T14:18:02","slug":"respect-voor-privacy","status":"publish","type":"page","link":"https:\/\/booking.explore.brussels\/nl\/respect-vie-privee\/","title":{"rendered":"Respect voor privacy"},"content":{"rendered":"<div data-elementor-type=\"wp-page\" data-elementor-id=\"2710\" class=\"elementor elementor-2710\" data-elementor-post-type=\"page\">\n\t\t\t\t<div class=\"elementor-element elementor-element-a19bdc4 e-flex e-con-boxed e-con e-parent\" data-id=\"a19bdc4\" data-element_type=\"container\" data-e-type=\"container\">\n\t\t\t\t\t<div class=\"e-con-inner\">\n\t\t\t\t<div class=\"elementor-element elementor-element-50c0ac1 elementor-widget elementor-widget-spacer\" data-id=\"50c0ac1\" data-element_type=\"widget\" data-e-type=\"widget\" data-widget_type=\"spacer.default\">\n\t\t\t\t\t\t\t<div class=\"elementor-spacer\">\n\t\t\t<div class=\"elementor-spacer-inner\"><\/div>\n\t\t<\/div>\n\t\t\t\t\t\t<\/div>\n\t\t\t\t\t<\/div>\n\t\t\t\t<\/div>\n\t\t<div class=\"elementor-element elementor-element-a35c39f e-flex e-con-boxed e-con e-parent\" data-id=\"a35c39f\" data-element_type=\"container\" data-e-type=\"container\">\n\t\t\t\t\t<div class=\"e-con-inner\">\n\t\t\t\t<div class=\"elementor-element elementor-element-a27f06c elementor-widget elementor-widget-text-editor\" data-id=\"a27f06c\" data-element_type=\"widget\" data-e-type=\"widget\" data-widget_type=\"text-editor.default\">\n\t\t\t\t\t\t\t\t\t<h5>Explore.Brussels garanties<\/h5><p>Wij behandelen uw gegevens vertrouwelijk en in overeenstemming met nationale en internationale bepalingen, waaronder de Belgische wet van 8 december 1992 tot bescherming van de persoonlijke levenssfeer ten opzichte van de verwerking van persoonsgegevens, zoals gewijzigd door de wet van 11 december 1998.<\/p>\t\t\t\t\t\t\t\t<\/div>\n\t\t\t\t<div class=\"elementor-element elementor-element-18881f4 elementor-widget elementor-widget-spacer\" data-id=\"18881f4\" data-element_type=\"widget\" data-e-type=\"widget\" data-widget_type=\"spacer.default\">\n\t\t\t\t\t\t\t<div class=\"elementor-spacer\">\n\t\t\t<div class=\"elementor-spacer-inner\"><\/div>\n\t\t<\/div>\n\t\t\t\t\t\t<\/div>\n\t\t\t\t\t<\/div>\n\t\t\t\t<\/div>\n\t\t<div class=\"elementor-element elementor-element-4cd3e49 e-flex e-con-boxed e-con e-parent\" data-id=\"4cd3e49\" data-element_type=\"container\" data-e-type=\"container\">\n\t\t\t\t\t<div class=\"e-con-inner\">\n\t\t\t\t<div class=\"elementor-element elementor-element-09101f2 elementor-widget elementor-widget-text-editor\" data-id=\"09101f2\" data-element_type=\"widget\" data-e-type=\"widget\" data-widget_type=\"text-editor.default\">\n\t\t\t\t\t\t\t\t\t<h5>Doel van de verwerking van uw persoonlijke gegevens<\/h5><p>Door ons uw persoonlijke gegevens te verstrekken, geeft u ons uitdrukkelijk toestemming om deze informatie te verwerken voor de hieronder beschreven doeleinden.<\/p><p>Uw gegevens worden opgenomen in de bestanden van Explore.Brussels en we verwerken ze met het oog op het beheer van onze klanten, publicaties en aangeboden diensten, het verbeteren van de kwaliteit van onze diensten en om u te informeren over onze nieuwe diensten en producten.<\/p><p>U kunt te allen tijde en zonder opgaaf van reden bezwaar maken tegen de verwerking van uw persoonlijke gegevens.<\/p>\t\t\t\t\t\t\t\t<\/div>\n\t\t\t\t<div class=\"elementor-element elementor-element-5ce69a3 elementor-widget elementor-widget-spacer\" data-id=\"5ce69a3\" data-element_type=\"widget\" data-e-type=\"widget\" data-widget_type=\"spacer.default\">\n\t\t\t\t\t\t\t<div class=\"elementor-spacer\">\n\t\t\t<div class=\"elementor-spacer-inner\"><\/div>\n\t\t<\/div>\n\t\t\t\t\t\t<\/div>\n\t\t\t\t\t<\/div>\n\t\t\t\t<\/div>\n\t\t<div class=\"elementor-element elementor-element-53a2659 e-flex e-con-boxed e-con e-parent\" data-id=\"53a2659\" data-element_type=\"container\" data-e-type=\"container\">\n\t\t\t\t\t<div class=\"e-con-inner\">\n\t\t\t\t<div class=\"elementor-element elementor-element-94f31dc elementor-widget elementor-widget-text-editor\" data-id=\"94f31dc\" data-element_type=\"widget\" data-e-type=\"widget\" data-widget_type=\"text-editor.default\">\n\t\t\t\t\t\t\t\t\t<h5>Cookies<\/h5><p>We gebruiken cookies om je een betere service te bieden.<\/p><p>Een cookie is een klein bestand dat door een website op uw computer wordt opgeslagen: deze cookie kan bij een volgend bezoek aan dezelfde site worden opgehaald.<\/p><p>De cookie kan niet worden gelezen door een andere website dan degene die hem heeft aangemaakt.<\/p><p>We gebruiken cookies voor administratieve doeleinden, bijvoorbeeld om uw voorkeuren voor bepaalde soorten informatie of uw toegangscode op te slaan, zodat u niet bij elk bezoek aan onze site dezelfde toetsaanslagen hoeft te maken.<\/p><p>De meeste cookies werken slechts voor de duur van een enkele sessie of bezoek.<\/p><p>Ze bevatten geen informatie die het mogelijk maakt om telefonisch, per e-mail of per post contact met u op te nemen.<\/p><p>U kunt uw browser ook zo instellen dat u wordt ge\u00efnformeerd telkens wanneer een cookie wordt aangemaakt of dat het aanmaken van cookies wordt verhinderd (bepaalde services waarvoor cookies nodig zijn, zijn dan niet meer beschikbaar).<\/p>\t\t\t\t\t\t\t\t<\/div>\n\t\t\t\t<div class=\"elementor-element elementor-element-44b5850 elementor-widget elementor-widget-spacer\" data-id=\"44b5850\" data-element_type=\"widget\" data-e-type=\"widget\" data-widget_type=\"spacer.default\">\n\t\t\t\t\t\t\t<div class=\"elementor-spacer\">\n\t\t\t<div class=\"elementor-spacer-inner\"><\/div>\n\t\t<\/div>\n\t\t\t\t\t\t<\/div>\n\t\t\t\t\t<\/div>\n\t\t\t\t<\/div>\n\t\t<div class=\"elementor-element elementor-element-04766bf e-flex e-con-boxed e-con e-parent\" data-id=\"04766bf\" data-element_type=\"container\" data-e-type=\"container\">\n\t\t\t\t\t<div class=\"e-con-inner\">\n\t\t\t\t<div class=\"elementor-element elementor-element-442e52c elementor-widget elementor-widget-text-editor\" data-id=\"442e52c\" data-element_type=\"widget\" data-e-type=\"widget\" data-widget_type=\"text-editor.default\">\n\t\t\t\t\t\t\t\t\t<h5>Publicatie en openbaarmaking van uw persoonlijke gegevens<\/h5><p>Explore.Brussels kan verplicht worden om uw persoonsgegevens vrij te geven op verzoek van een wettelijke autoriteit of te goeder trouw op basis van het feit dat een dergelijke actie vereist is om te voldoen aan een toepasselijke wet- of regelgeving.<\/p><p>Dit zou ook het geval zijn in het geval van gerechtelijke stappen tegen Explore.Brussels en\/of de website om de rechten of het eigendom van Explore.Brussels, de website of de gebruikers van Explore Brussels te beschermen of te verdedigen.<\/p><p>Explore.Brussels kan zich genoodzaakt zien deze gegevens vrij te geven om in extreme omstandigheden in te grijpen om de persoonlijke veiligheid van de gebruikers van Explore.Brussels, de website of het publiek te beschermen.<\/p>\t\t\t\t\t\t\t\t<\/div>\n\t\t\t\t<div class=\"elementor-element elementor-element-61cc324 elementor-widget elementor-widget-spacer\" data-id=\"61cc324\" data-element_type=\"widget\" data-e-type=\"widget\" data-widget_type=\"spacer.default\">\n\t\t\t\t\t\t\t<div class=\"elementor-spacer\">\n\t\t\t<div class=\"elementor-spacer-inner\"><\/div>\n\t\t<\/div>\n\t\t\t\t\t\t<\/div>\n\t\t\t\t\t<\/div>\n\t\t\t\t<\/div>\n\t\t<div class=\"elementor-element elementor-element-a0e6813 e-flex e-con-boxed e-con e-parent\" data-id=\"a0e6813\" data-element_type=\"container\" data-e-type=\"container\">\n\t\t\t\t\t<div class=\"e-con-inner\">\n\t\t\t\t<div class=\"elementor-element elementor-element-decfc2e elementor-widget elementor-widget-text-editor\" data-id=\"decfc2e\" data-element_type=\"widget\" data-e-type=\"widget\" data-widget_type=\"text-editor.default\">\n\t\t\t\t\t\t\t\t\t<h5>Uw rechten met betrekking tot uw persoonlijke gegevens<\/h5><p>Uw recht op informatie<\/p><ul><li>De verantwoordelijke voor de verwerking van uw persoonsgegevens is VZW Explore Brussels, met maatschappelijke zetel te 1050 Elsene, Li\u00e9geoisstraat 53, Belgi\u00eb.<\/li><li>Als u vragen hebt over de registratie en verwerking van uw gegevens, kunt u contact met ons opnemen op dit adres.<\/li><li>Voor meer algemene informatie kunt u altijd contact opnemen met de Autoriteit Persoonsgegevens van het Huis van Afgevaardigden: <a href=\"http:\/\/www.autoriteprotectiondonnees.be\" target=\"_blank\" rel=\"noopener\">www.autoriteprotectiondonnees.be<\/a><\/li><\/ul><p>Uw recht op toegang, verzet en rectificatie<\/p><ul><li>Door middel van een schriftelijke, gedateerde en ondertekende aanvraag gericht aan Explore.Brussels, samen met een kopie van beide zijden van uw identiteitskaart, kunt u gratis de schriftelijke mededeling bekomen van uw persoonsgegevens en desgevallend de rechtzetting van de gegevens die onjuist, onvolledig of niet relevant zijn.<\/li><li>Uiterlijk 15 dagen na ontvangst van uw verzoek ontvangt u een kopie van uw gegevens.<\/li><\/ul>\t\t\t\t\t\t\t\t<\/div>\n\t\t\t\t<div class=\"elementor-element elementor-element-42f5b87 elementor-widget elementor-widget-spacer\" data-id=\"42f5b87\" data-element_type=\"widget\" data-e-type=\"widget\" data-widget_type=\"spacer.default\">\n\t\t\t\t\t\t\t<div class=\"elementor-spacer\">\n\t\t\t<div class=\"elementor-spacer-inner\"><\/div>\n\t\t<\/div>\n\t\t\t\t\t\t<\/div>\n\t\t\t\t\t<\/div>\n\t\t\t\t<\/div>\n\t\t<div class=\"elementor-element elementor-element-511eb8f e-flex e-con-boxed e-con e-parent\" data-id=\"511eb8f\" data-element_type=\"container\" data-e-type=\"container\">\n\t\t\t\t\t<div class=\"e-con-inner\">\n\t\t\t\t<div class=\"elementor-element elementor-element-c183994 elementor-widget elementor-widget-text-editor\" data-id=\"c183994\" data-element_type=\"widget\" data-e-type=\"widget\" data-widget_type=\"text-editor.default\">\n\t\t\t\t\t\t\t\t\t<h5>Inbreuk op je privacy<\/h5><p>Als u op enig moment van mening bent dat onze site uw privacy niet respecteert, kunt u ons hiervan per e-mail op de hoogte stellen op het volgende adres <a href=\"mailto:info@explore.brussels\">info@explore.brussels<\/a>.<\/p><p>We zullen ons uiterste best doen om het probleem op te sporen en te verhelpen.<\/p>\t\t\t\t\t\t\t\t<\/div>\n\t\t\t\t<div class=\"elementor-element elementor-element-9e512c1 elementor-widget elementor-widget-spacer\" data-id=\"9e512c1\" data-element_type=\"widget\" data-e-type=\"widget\" data-widget_type=\"spacer.default\">\n\t\t\t\t\t\t\t<div class=\"elementor-spacer\">\n\t\t\t<div class=\"elementor-spacer-inner\"><\/div>\n\t\t<\/div>\n\t\t\t\t\t\t<\/div>\n\t\t\t\t\t<\/div>\n\t\t\t\t<\/div>\n\t\t<div class=\"elementor-element elementor-element-20015b7 e-flex e-con-boxed e-con e-parent\" data-id=\"20015b7\" data-element_type=\"container\" data-e-type=\"container\">\n\t\t\t\t\t<div class=\"e-con-inner\">\n\t\t\t\t<div class=\"elementor-element elementor-element-69cb6ff elementor-widget elementor-widget-spacer\" data-id=\"69cb6ff\" data-element_type=\"widget\" data-e-type=\"widget\" data-widget_type=\"spacer.default\">\n\t\t\t\t\t\t\t<div class=\"elementor-spacer\">\n\t\t\t<div class=\"elementor-spacer-inner\"><\/div>\n\t\t<\/div>\n\t\t\t\t\t\t<\/div>\n\t\t\t\t\t<\/div>\n\t\t\t\t<\/div>\n\t\t\t\t<\/div>","protected":false},"excerpt":{"rendered":"<p>Les garanties d&rsquo;Explore.Brussels Nous traitons vos donn\u00e9es de mani\u00e8re confidentielle et conform\u00e9ment aux dispositions nationales et internationales, dont entre autres la loi belge du 8 d\u00e9cembre 1992, relative \u00e0 la protection de la vie priv\u00e9e \u00e0 l&rsquo;\u00e9gard des traitements de donn\u00e9es \u00e0 caract\u00e8re personnel, modifi\u00e9e par la loi du 11 d\u00e9cembre 1998. But du traitement [&hellip;]<\/p>\n","protected":false},"author":2,"featured_media":0,"parent":0,"menu_order":0,"comment_status":"closed","ping_status":"closed","template":"elementor_header_footer","meta":{"_analytify_skip_tracking":false,"footnotes":""},"class_list":["post-2710","page","type-page","status-publish","hentry"],"blocksy_meta":[],"_links":{"self":[{"href":"https:\/\/booking.explore.brussels\/nl\/wp-json\/wp\/v2\/pages\/2710","targetHints":{"allow":["GET"]}}],"collection":[{"href":"https:\/\/booking.explore.brussels\/nl\/wp-json\/wp\/v2\/pages"}],"about":[{"href":"https:\/\/booking.explore.brussels\/nl\/wp-json\/wp\/v2\/types\/page"}],"author":[{"embeddable":true,"href":"https:\/\/booking.explore.brussels\/nl\/wp-json\/wp\/v2\/users\/2"}],"replies":[{"embeddable":true,"href":"https:\/\/booking.explore.brussels\/nl\/wp-json\/wp\/v2\/comments?post=2710"}],"version-history":[{"count":4,"href":"https:\/\/booking.explore.brussels\/nl\/wp-json\/wp\/v2\/pages\/2710\/revisions"}],"predecessor-version":[{"id":2714,"href":"https:\/\/booking.explore.brussels\/nl\/wp-json\/wp\/v2\/pages\/2710\/revisions\/2714"}],"wp:attachment":[{"href":"https:\/\/booking.explore.brussels\/nl\/wp-json\/wp\/v2\/media?parent=2710"}],"curies":[{"name":"wp","href":"https:\/\/api.w.org\/{rel}","templated":true}]}}